{"id":1097,"date":"2020-03-23T09:41:44","date_gmt":"2020-03-23T08:41:44","guid":{"rendered":"http:\/\/ladelicerie.com\/?page_id=1097"},"modified":"2025-07-13T13:20:11","modified_gmt":"2025-07-13T11:20:11","slug":"condiciones-de-uso-de-la-web","status":"publish","type":"page","link":"https:\/\/ladelicerie.com\/index.php\/condiciones-de-uso-de-la-web","title":{"rendered":"Condiciones de uso de la Web"},"content":{"rendered":"\n<p class=\"has-medium-font-size\"><strong>Legal<\/strong><\/p>\n\n\n\n<p>KALIKACY ROMO, S.L.U. (en adelante LA D\u00c9LIERIE) le informa que el acceso y uso de nuestra p\u00e1gina web est\u00e1 sujeta a las presentes condiciones de uso, recomend\u00e1ndole que las lea por cuanto el hecho de acceder y usar esta p\u00e1gina implica su aceptaci\u00f3n.<\/p>\n\n\n\n<p>1.- Condiciones Generales de Uso<\/p>\n\n\n<p>Elusuario se compromete a utilizar la p\u00e1gina web de conformidad con la ley, el presente aviso legal, reglamentos e instrucciones puestos en su conocimiento, as\u00ed como la moral, las buenas costumbres generalmente aceptadas y el orden p\u00fablico.<\/p>\n\n\n\n<p>LEY34\/2002 DE SERVICIOS DE LA SOCIEDAD DE LA INFORMACI\u00d3N (en adelante LSSI): LA D\u00c9LICERIE, en cumplimiento de lo dispuesto en el art\u00edculo 10 de la LSSI le informa que es una sociedad inscrita en el Registro Mercantil de Madrid, N\u00famero de inscripci\u00f3n 1, Tomo 34557, Folio 132, Hoja 621643 y provista de CIF n\u00ba B-87518460, con domicilio en Calle Albinoni, 14. Villanueva de la Ca\u00f1ada 28691. Nuestro tel\u00e9fono de contacto es: 690031902. La sociedad es propietaria del nombre de dominio ladelicerie.com y de la p\u00e1gina en internet a la que se accede a trav\u00e9s de dicho dominio www.ladelicerie.com<\/p>\n\n\n\n<p>LA DELICERIE se reserva el derecho a realizar cambios en la p\u00e1gina web sin previo aviso , con el fin de actualizar, modificar, corregir, a\u00f1adir o eliminar sus contenidos o su dise\u00f1o. En caso de efectuar operaciones de mantenimiento, actualizaci\u00f3n, reparaci\u00f3n o mejora de servicios, LA DELICERIE tiene el derecho a suspender temporalmente y sin necesidad de preaviso el acceso a la presente p\u00e1gina web, as\u00ed como el derecho de presentaci\u00f3n o cancelaci\u00f3n de servicios, sin perjuicio de lo cual, procurar\u00e1 ponerlo en conocimiento de los usuarios, siempre que las circunstancias as\u00ed lo permitan.<\/p>\n\n\n\n<p>2.- Limitaci\u00f3n de Garant\u00edas y Responsabilidad<\/p>\n\n\n\n<p>LA DELICERIE no garantiza la disponibilidad y continuidad del funcionamiento del portal, de sus servicios y de sus contenidos, por lo que no ser\u00e1 en ning\u00fan caso responsable por los da\u00f1os o perjuicios de cualquier naturaleza que puedan deberse de la falta de disponibilidad o de continuidad del Portal o de cualquiera de sus servicios, o por los fallos en el acceso a las distintas p\u00e1ginas web del Portal o aquellas desde las que se prestan determinados servicios.<\/p>\n\n\n\n<p>LA DELICERIE garantiza la veracidad y autenticidad de la informaci\u00f3n comunicada y se obliga asimismo a mantener esta informaci\u00f3n actualizada. Asimismo, se compromete a trav\u00e9s de este medio a NO REALIZAR PUBLICIDAD ENGA\u00d1OSA (art. 4 de la Ley 34\/1988, de 11 de noviembre, General de Publicidad y novedades incluidas en la Ley 29\/2009, de 30 de diciembre, por la que se modifica el r\u00e9gimen legal de la competencia desleal y de la publicidad para la mejora de la protecci\u00f3n de los consumidores y usuarios). A estos efectos, no ser\u00e1n considerados como publicidad enga\u00f1osa los errores formales o num\u00e9ricos que puedan encontrarse a lo largo del contenido de las distintas secciones de la web producidos como consecuencia de un mantenimiento y\/o actualizaci\u00f3n incompleta o defectuosa de la informaci\u00f3n contenida en estas secciones. Como consecuencia de lo dispuesto en este p\u00e1rrafo, se compromete a corregirlo tan pronto como sea posible. El Portal pone a disposici\u00f3n de los Usuarios dispositivos t\u00e9cnicos de enlace (tales como, entre otros, links, banners, directorios, etc.), que permiten el acceso a p\u00e1ginas web o sites pertenecientes y\/o gestionados por terceros respecto de las cuales LA DELICERIE ni es titular ni tiene ning\u00fan tipo de vinculaci\u00f3n. En consecuencia, LA DELICERIE no ser\u00e1 responsable del control y vigilancia de sus contenidos por lo que LA DELICERIE no asumir\u00e1 ninguna responsabilidad, ni directa ni subsidiaria, sobre dichas p\u00e1ginas web o sites. El usuario deber\u00e1 extremar la prudencia en la valoraci\u00f3n y utilizaci\u00f3n de la informaci\u00f3n, contenidos y servicios puestos a disposici\u00f3n a trav\u00e9s de estos dispositivos. LA DELICERIE no ser\u00e1 responsable de los da\u00f1os o perjuicios de cualquier naturaleza que pudieran deberse a la il\u00edcita, incorrecta, inapropiada o inadecuada utilizaci\u00f3n que los Usuarios realicen del Portal, de sus servicios o de sus contenidos.<\/p>\n\n\n\n<p>3.- Propiedad Intelectual e Industrial<\/p>\n\n\n\n<p>Todos los contenidos de la web de LA DELICERIE, ya sean fotograf\u00edas, im\u00e1genes, dibujos, textos, audio, video, software, logotipos y dise\u00f1o est\u00e1n protegidos por la normativa de Propiedad Intelectual e Industrial, en particular por el R.D.L. 1\/96, que aprueba el Texto Refundido de la Ley de Propiedad intelectual y lo dispuesto en la secci\u00f3n II de la misma, y por la Ley de Marcas 17\/2001, especialmente por el art\u00edculo 34 de la misma. Los derechos sobre los contenidos pertenecen a LA DELICERIE o, en su caso, a terceros. En ning\u00fan caso el acceso a nuestra p\u00e1gina web implica cesi\u00f3n, transmisi\u00f3n o cualquier otro tipo de renuncia, ni total ni parcial, de los derechos de Propiedad Intelectual, ni confiere ning\u00fan derecho de utilizaci\u00f3n, alteraci\u00f3n, explotaci\u00f3n, reproducci\u00f3n, distribuci\u00f3n o comunicaci\u00f3n sobre los contenidos o signos distintivos objeto de propiedad intelectual o industrial, sin la previa y expresa autorizaci\u00f3n por escrito espec\u00edficamente otorgada a tal efecto por parte de LA DELICERIE o del tercero titular de los derechos. El usuario del sitio web deber\u00e1 abstenerse de suprimir, alterar, eludir o manipular cualesquiera dispositivos de protecci\u00f3n o sistemas de seguridad que puedan estar instalados en la misma. El usuario solamente tendr\u00e1 el derecho de visualizar los contenidos \u00fanicamente para su uso personal y gratuito, sin poderlo utilizar para fines comerciales ni empresariales, debiendo ejercer estos derechos conforme a los principios de la buena fe y la legislaci\u00f3n aplicable.<\/p>\n","protected":false},"excerpt":{"rendered":"<p>Legal KALIKACY ROMO, S.L.U. (en adelante LA D\u00c9LIERIE) le informa que el acceso y uso de nuestra p\u00e1gina web est\u00e1 [&hellip;]<\/p>\n","protected":false},"author":1,"featured_media":0,"parent":0,"menu_order":8,"comment_status":"closed","ping_status":"closed","template":"","meta":{"footnotes":""},"class_list":["post-1097","page","type-page","status-publish","hentry"],"_links":{"self":[{"href":"https:\/\/ladelicerie.com\/index.php\/wp-json\/wp\/v2\/pages\/1097","targetHints":{"allow":["GET"]}}],"collection":[{"href":"https:\/\/ladelicerie.com\/index.php\/wp-json\/wp\/v2\/pages"}],"about":[{"href":"https:\/\/ladelicerie.com\/index.php\/wp-json\/wp\/v2\/types\/page"}],"author":[{"embeddable":true,"href":"https:\/\/ladelicerie.com\/index.php\/wp-json\/wp\/v2\/users\/1"}],"replies":[{"embeddable":true,"href":"https:\/\/ladelicerie.com\/index.php\/wp-json\/wp\/v2\/comments?post=1097"}],"version-history":[{"count":5,"href":"https:\/\/ladelicerie.com\/index.php\/wp-json\/wp\/v2\/pages\/1097\/revisions"}],"predecessor-version":[{"id":2541,"href":"https:\/\/ladelicerie.com\/index.php\/wp-json\/wp\/v2\/pages\/1097\/revisions\/2541"}],"wp:attachment":[{"href":"https:\/\/ladelicerie.com\/index.php\/wp-json\/wp\/v2\/media?parent=1097"}],"curies":[{"name":"wp","href":"https:\/\/api.w.org\/{rel}","templated":true}]}}