{"id":2979,"date":"2025-09-05T12:59:36","date_gmt":"2025-09-05T10:59:36","guid":{"rendered":"https:\/\/ladelicerie.com\/?post_type=product&#038;p=2979"},"modified":"2026-02-04T13:23:13","modified_gmt":"2026-02-04T12:23:13","slug":"tiramisu","status":"publish","type":"product","link":"https:\/\/ladelicerie.com\/index.php\/producto\/tiramisu","title":{"rendered":"Tiramis\u00fa"},"content":{"rendered":"","protected":false},"excerpt":{"rendered":"<p>Nuestro tiramis\u00fa siguiendo la receta italiana original: mascarpone, huevos, az\u00facar, caf\u00e9, amaretto, bizcochos y cacao puro.<br \/>\nPorci\u00f3n individual de unos 155 gramos aprox.<\/p>\n","protected":false},"featured_media":2980,"template":"","meta":[],"product_brand":[],"product_cat":[18],"product_tag":[],"class_list":{"0":"post-2979","1":"product","2":"type-product","3":"status-publish","4":"has-post-thumbnail","6":"product_cat-reposteria","8":"first","9":"instock","10":"taxable","11":"shipping-taxable","12":"purchasable","13":"product-type-composite"},"_links":{"self":[{"href":"https:\/\/ladelicerie.com\/index.php\/wp-json\/wp\/v2\/product\/2979","targetHints":{"allow":["GET"]}}],"collection":[{"href":"https:\/\/ladelicerie.com\/index.php\/wp-json\/wp\/v2\/product"}],"about":[{"href":"https:\/\/ladelicerie.com\/index.php\/wp-json\/wp\/v2\/types\/product"}],"wp:featuredmedia":[{"embeddable":true,"href":"https:\/\/ladelicerie.com\/index.php\/wp-json\/wp\/v2\/media\/2980"}],"wp:attachment":[{"href":"https:\/\/ladelicerie.com\/index.php\/wp-json\/wp\/v2\/media?parent=2979"}],"wp:term":[{"taxonomy":"product_brand","embeddable":true,"href":"https:\/\/ladelicerie.com\/index.php\/wp-json\/wp\/v2\/product_brand?post=2979"},{"taxonomy":"product_cat","embeddable":true,"href":"https:\/\/ladelicerie.com\/index.php\/wp-json\/wp\/v2\/product_cat?post=2979"},{"taxonomy":"product_tag","embeddable":true,"href":"https:\/\/ladelicerie.com\/index.php\/wp-json\/wp\/v2\/product_tag?post=2979"}],"curies":[{"name":"wp","href":"https:\/\/api.w.org\/{rel}","templated":true}]}}